{"id":723,"date":"2023-02-06T10:35:38","date_gmt":"2023-02-06T09:35:38","guid":{"rendered":"https:\/\/escafeeder.com\/produkt\/skunks\/"},"modified":"2023-02-10T15:26:02","modified_gmt":"2023-02-10T14:26:02","slug":"skunks","status":"publish","type":"product","link":"https:\/\/escafeeder.com\/de\/produkt\/skunks\/","title":{"rendered":"Skunks"},"content":{"rendered":"<!--themify_builder_content-->\n<div id=\"themify_builder_content-723\" data-postid=\"723\" class=\"themify_builder_content themify_builder_content-723 themify_builder tf_clear\">\n    <\/div>\n<!--\/themify_builder_content-->\n","protected":false},"excerpt":{"rendered":"<p>Ein K\u00f6der f\u00fcr schwierige Lichtverh\u00e4ltnisse, wenn das Wasser sehr tr\u00fcb ist und die Fische gezwungen sind, ihren Geruchssinn intensiv zu nutzen. Solche Momente treten in der Regel mitten in einem hei\u00dfen Sommer auf, wenn wir eine starke Algenbl\u00fcte erleben. Der Geruch dieses K\u00f6ders ist f\u00fcr die menschliche Nase absto\u00dfend, aber im Wasser kann er den Tag ver\u00e4ndern. Es lohnt sich, ein Skunk f\u00fcr die oben genannten Situationen in der Tasche zu haben. Erfahrungsgem\u00e4\u00df empfehlen wir die Verwendung von White Skunk bei Nachtangeln.<\/p>\n<p><strong>Gr\u00f6\u00dfen:<\/strong> 6mm und 10mm<br \/>\n<strong>Verpackung:<\/strong> 50ml<br \/>\n<strong>Geruch:<\/strong> absto\u00dfend, schwer zu definieren<br \/>\n<strong>Farbe:<\/strong> wei\u00df und rosa<br \/>\n<strong>Einsatz:<\/strong> in tr\u00fcbem Wasser und beim Angeln in der Nacht<\/p>\n","protected":false},"featured_media":539,"template":"","meta":[],"product_cat":[61],"product_tag":[],"class_list":["post-723","product","type-product","status-publish","has-post-thumbnail","hentry","product_cat-wafters-de","has-post-title","has-post-date","has-post-category","has-post-tag","has-post-comment","has-post-author",""],"builder_content":"","_links":{"self":[{"href":"https:\/\/escafeeder.com\/de\/wp-json\/wp\/v3\/product\/723","targetHints":{"allow":["GET"]}}],"collection":[{"href":"https:\/\/escafeeder.com\/de\/wp-json\/wp\/v3\/product"}],"about":[{"href":"https:\/\/escafeeder.com\/de\/wp-json\/wp\/v2\/types\/product"}],"wp:featuredmedia":[{"embeddable":true,"href":"https:\/\/escafeeder.com\/de\/wp-json\/wp\/v2\/media\/539"}],"wp:attachment":[{"href":"https:\/\/escafeeder.com\/de\/wp-json\/wp\/v2\/media?parent=723"}],"wp:term":[{"taxonomy":"product_cat","embeddable":true,"href":"https:\/\/escafeeder.com\/de\/wp-json\/wp\/v2\/product_cat?post=723"},{"taxonomy":"product_tag","embeddable":true,"href":"https:\/\/escafeeder.com\/de\/wp-json\/wp\/v2\/product_tag?post=723"}],"curies":[{"name":"wp","href":"https:\/\/api.w.org\/{rel}","templated":true}]}}