{"id":714,"date":"2023-02-07T11:23:25","date_gmt":"2023-02-07T10:23:25","guid":{"rendered":"https:\/\/escafeeder.com\/produkt\/haribo-mini\/"},"modified":"2025-06-09T21:37:38","modified_gmt":"2025-06-09T19:37:38","slug":"sweet-legend-mini","status":"publish","type":"product","link":"https:\/\/escafeeder.com\/de\/produkt\/sweet-legend-mini\/","title":{"rendered":"Sweet Legend mini"},"content":{"rendered":"<!--themify_builder_content-->\n<div id=\"themify_builder_content-714\" data-postid=\"714\" class=\"themify_builder_content themify_builder_content-714 themify_builder tf_clear\">\n    <\/div>\n<!--\/themify_builder_content-->\n","protected":false},"excerpt":{"rendered":"<p>S\u00fc\u00dfe K\u00f6der in drei der beliebtesten Farben und einem unverwechselbaren Quallenduft. K\u00f6der in diesem Geschmack und in diesen Farben sollten zur Grundausstattung eines jeden Methodisten geh\u00f6ren. Je nach Lichtverh\u00e4ltnissen und Wasserklarheit zeigt jede Farbe eine bessere oder schlechtere Wirkung. Die beste Pr\u00e4sentation der Wobbler wird erreicht, wenn sie auf einem Bajonett montiert werden.<\/p>\n<p><strong>Gr\u00f6\u00dfen:<\/strong> 6mm und 10mm<br \/>\n<strong>Verpackung:<\/strong> 50ml<br \/>\n<strong>Duft:<\/strong> Goldb\u00e4ren<br \/>\n<strong>Farbe:<\/strong> orange, gelb und rosa<br \/>\n<strong>Verwendung:<\/strong> Ganzj\u00e4hrige K\u00f6der mit Schwerpunkt auf der Hauptsaison<\/p>\n","protected":false},"featured_media":1696,"template":"","meta":[],"product_cat":[61],"product_tag":[],"class_list":["post-714","product","type-product","status-publish","has-post-thumbnail","hentry","product_cat-wafters-de","has-post-title","has-post-date","has-post-category","has-post-tag","has-post-comment","has-post-author",""],"builder_content":"","_links":{"self":[{"href":"https:\/\/escafeeder.com\/de\/wp-json\/wp\/v3\/product\/714","targetHints":{"allow":["GET"]}}],"collection":[{"href":"https:\/\/escafeeder.com\/de\/wp-json\/wp\/v3\/product"}],"about":[{"href":"https:\/\/escafeeder.com\/de\/wp-json\/wp\/v2\/types\/product"}],"wp:featuredmedia":[{"embeddable":true,"href":"https:\/\/escafeeder.com\/de\/wp-json\/wp\/v2\/media\/1696"}],"wp:attachment":[{"href":"https:\/\/escafeeder.com\/de\/wp-json\/wp\/v2\/media?parent=714"}],"wp:term":[{"taxonomy":"product_cat","embeddable":true,"href":"https:\/\/escafeeder.com\/de\/wp-json\/wp\/v2\/product_cat?post=714"},{"taxonomy":"product_tag","embeddable":true,"href":"https:\/\/escafeeder.com\/de\/wp-json\/wp\/v2\/product_tag?post=714"}],"curies":[{"name":"wp","href":"https:\/\/api.w.org\/{rel}","templated":true}]}}