{"id":1828,"date":"2026-02-26T21:29:17","date_gmt":"2026-02-26T20:29:17","guid":{"rendered":"https:\/\/escafeeder.com\/?post_type=product&#038;p=1828"},"modified":"2026-02-26T21:35:08","modified_gmt":"2026-02-26T20:35:08","slug":"method-mix-top-white","status":"publish","type":"product","link":"https:\/\/escafeeder.com\/de\/produkt\/method-mix-top-white\/","title":{"rendered":"Method Mix escafeeder TOP WHITE"},"content":{"rendered":"<!--themify_builder_content-->\n<div id=\"themify_builder_content-1828\" data-postid=\"1828\" class=\"themify_builder_content themify_builder_content-1828 themify_builder tf_clear\">\n    <\/div>\n<!--\/themify_builder_content-->\n","protected":false},"excerpt":{"rendered":"<p data-start=\"0\" data-end=\"151\"><strong data-start=\"0\" data-end=\"24\">Method Mix TOP WHITE<\/strong> ist eine Mischung, die aus einem sehr konkreten Bedarf entstanden ist \u2013 dem Angeln auf Wildkarpfen unter extremen Bedingungen.<\/p>\n<p data-start=\"153\" data-end=\"589\">W\u00e4hrend der Weltmeisterschaft in Portugal mussten wir uns mit Wassertiefen von \u00fcber 20 Metern, vorsichtigen Fischen und einer Angelei auseinandersetzen, bei der kein Platz f\u00fcr Zufall war. Genau dort konnten wir beobachten, dass die meisten Top-Angler zu hellen, auf Mais und Backwaren basierenden Futtermischungen greifen, die effektiv einen Futterplatz aufbauen und selbst in tiefen und anspruchsvollen Gew\u00e4ssern wilde Fische anlocken.<\/p>\n<p data-start=\"591\" data-end=\"776\">Diese Erfahrung wurde zum Impuls, den EscaFeeder Method Mix in unser Sortiment aufzunehmen \u2013 eine leichte, nat\u00fcrliche und \u00e4u\u00dferst vielseitige Mischung auf Basis von Mais- und Backnoten.<\/p>\n<p data-start=\"778\" data-end=\"907\">Ihr gr\u00f6\u00dfter Vorteil ist die M\u00f6glichkeit, die Arbeitsweise je nach Bedingungen am Gew\u00e4sser allein durch das Anfeuchten anzupassen:<\/p>\n<ul data-start=\"909\" data-end=\"1386\">\n<li data-start=\"909\" data-end=\"1162\">\n<p data-start=\"911\" data-end=\"1162\">Bei einem Verh\u00e4ltnis von <strong data-start=\"936\" data-end=\"974\">4 Teilen Mischung zu 1 Teil Wasser<\/strong> arbeitet die Mischung schnell, erzeugt eine starke Wolke und eignet sich auch ideal als obere Schicht auf dem Method-Feeder, indem sie beim Absinken eine attraktive Spur und Wolke bildet.<\/p>\n<\/li>\n<li data-start=\"1163\" data-end=\"1386\">\n<p data-start=\"1165\" data-end=\"1386\">Bei einem Verh\u00e4ltnis von <strong data-start=\"1190\" data-end=\"1228\">3 Teilen Mischung zu 1 Teil Wasser<\/strong> wird die Mischung kompakter, erzeugt weniger Tr\u00fcbung und funktioniert perfekt in gro\u00dfen Tiefen, wo sie den Gew\u00e4ssergrund in einer festen Form erreichen muss.<\/p>\n<\/li>\n<\/ul>\n<p data-start=\"1388\" data-end=\"1572\" data-is-last-node=\"\" data-is-only-node=\"\"><strong data-start=\"1388\" data-end=\"1408\">Das wei\u00dfe Futter<\/strong> ist eine L\u00f6sung, die f\u00fcr wilde, schwierige und anspruchsvolle Gew\u00e4sser entwickelt wurde \u2013 dort, wo man die Fische \u00fcberlisten muss und sie nicht nur anf\u00fcttern kann.<\/p>\n","protected":false},"featured_media":1834,"template":"","meta":[],"product_cat":[93],"product_tag":[],"class_list":["post-1828","product","type-product","status-publish","has-post-thumbnail","hentry","product_cat-method-mix-de","has-post-title","has-post-date","has-post-category","has-post-tag","has-post-comment","has-post-author",""],"builder_content":"","_links":{"self":[{"href":"https:\/\/escafeeder.com\/de\/wp-json\/wp\/v3\/product\/1828","targetHints":{"allow":["GET"]}}],"collection":[{"href":"https:\/\/escafeeder.com\/de\/wp-json\/wp\/v3\/product"}],"about":[{"href":"https:\/\/escafeeder.com\/de\/wp-json\/wp\/v2\/types\/product"}],"wp:featuredmedia":[{"embeddable":true,"href":"https:\/\/escafeeder.com\/de\/wp-json\/wp\/v2\/media\/1834"}],"wp:attachment":[{"href":"https:\/\/escafeeder.com\/de\/wp-json\/wp\/v2\/media?parent=1828"}],"wp:term":[{"taxonomy":"product_cat","embeddable":true,"href":"https:\/\/escafeeder.com\/de\/wp-json\/wp\/v2\/product_cat?post=1828"},{"taxonomy":"product_tag","embeddable":true,"href":"https:\/\/escafeeder.com\/de\/wp-json\/wp\/v2\/product_tag?post=1828"}],"curies":[{"name":"wp","href":"https:\/\/api.w.org\/{rel}","templated":true}]}}