{"id":1333,"date":"2024-01-04T11:03:04","date_gmt":"2024-01-04T10:03:04","guid":{"rendered":"https:\/\/escafeeder.com\/produkt\/haczyki-seria-strong\/"},"modified":"2024-01-04T11:12:30","modified_gmt":"2024-01-04T10:12:30","slug":"haczyki-seria-strong","status":"publish","type":"product","link":"https:\/\/escafeeder.com\/de\/produkt\/haczyki-seria-strong\/","title":{"rendered":"Haken Serie \u2013 STRONG"},"content":{"rendered":"<!--themify_builder_content-->\n<div id=\"themify_builder_content-1333\" data-postid=\"1333\" class=\"themify_builder_content themify_builder_content-1333 themify_builder tf_clear\">\n    <\/div>\n<!--\/themify_builder_content-->\n","protected":false},"excerpt":{"rendered":"<p>Escafeeder Strong \u2013 Haken f\u00fcr besondere Aufgaben. Sie bestehen aus sehr starkem Draht und bieten eine unglaubliche Kraft. Der Haken kann unter schwierigen Bedingungen (Teichrosen, Schilfrohre, Hindernisse) verwendet werden, wo man den Fisch nicht entkommen lassen kann. Sie sind auch sehr gut geeignet f\u00fcr das Angeln auf weite Entfernungen, wo ein sehr kr\u00e4ftiges Einhaken erforderlich ist. Sie sind perfekt f\u00fcr die Verwendung eines dickeren Vorfachs oder Geflechts geeignet. Die entsprechende Form garantiert ein sicheres Einhaken und Landen des Fisches.<\/p>\n","protected":false},"featured_media":1318,"template":"","meta":[],"product_cat":[83],"product_tag":[],"class_list":["post-1333","product","type-product","status-publish","has-post-thumbnail","hentry","product_cat-haken","has-post-title","has-post-date","has-post-category","has-post-tag","has-post-comment","has-post-author",""],"builder_content":"","_links":{"self":[{"href":"https:\/\/escafeeder.com\/de\/wp-json\/wp\/v3\/product\/1333","targetHints":{"allow":["GET"]}}],"collection":[{"href":"https:\/\/escafeeder.com\/de\/wp-json\/wp\/v3\/product"}],"about":[{"href":"https:\/\/escafeeder.com\/de\/wp-json\/wp\/v2\/types\/product"}],"wp:featuredmedia":[{"embeddable":true,"href":"https:\/\/escafeeder.com\/de\/wp-json\/wp\/v2\/media\/1318"}],"wp:attachment":[{"href":"https:\/\/escafeeder.com\/de\/wp-json\/wp\/v2\/media?parent=1333"}],"wp:term":[{"taxonomy":"product_cat","embeddable":true,"href":"https:\/\/escafeeder.com\/de\/wp-json\/wp\/v2\/product_cat?post=1333"},{"taxonomy":"product_tag","embeddable":true,"href":"https:\/\/escafeeder.com\/de\/wp-json\/wp\/v2\/product_tag?post=1333"}],"curies":[{"name":"wp","href":"https:\/\/api.w.org\/{rel}","templated":true}]}}