{"id":749,"date":"2023-01-26T08:23:18","date_gmt":"2023-01-26T07:23:18","guid":{"rendered":"https:\/\/escafeeder.com\/wspolpraca-kontakt\/"},"modified":"2026-02-19T12:20:19","modified_gmt":"2026-02-19T11:20:19","slug":"cooperation-contact","status":"publish","type":"page","link":"https:\/\/escafeeder.com\/de\/cooperation-contact\/","title":{"rendered":"Zusammenarbeit \/ Kontakt"},"content":{"rendered":"<!--themify_builder_content-->\n<div id=\"themify_builder_content-749\" data-postid=\"749\" class=\"themify_builder_content themify_builder_content-749 themify_builder tf_clear\">\n    \t\t\t<!-- module_row -->\n\t<div  data-lazy=\"1\" class=\"module_row themify_builder_row tb_srez487 tb_first tf_w tf_clearfix wow\" data-tf-animation=\"fadeIn\">\n\t    \t\t\t<div class=\"row_inner col_align_top tb_col_count_1 tf_box tf_rel\">\n\t\t            <div  data-lazy=\"1\" class=\"module_column tb-column col-full tb_guty488 first\">\n                                                        <div class=\"tb-column-inner tf_box tf_w\">\n                        <!-- module icon -->\n<div  class=\"module module-icon tb_bg6h815  normal circle icon_horizontal  hide-tablet hide-mobile\" data-lazy=\"1\">\n        <div class=\"module-icon-item\">\n\t    \t\t<a href=\"mailto:kontakt@escafeeder.com\">\n\t    \t\t\t\t\t\t    <em class=\"tf_box\" style=\"background-color:#d4ae72;color:#ffffff\"><svg  class=\"tf_fa tf-fas-envelope\" aria-hidden=\"true\"><use href=\"#tf-fas-envelope\"><\/use><\/svg><\/em>\n\t\t\t\t\t\t    \t    \t    <span>kontakt@escafeeder.com<\/span>\n\t\t    \t\t\t\t\t\t<\/a>\n\t\t        <\/div>\n\t        <div class=\"module-icon-item\">\n\t    \t\t<a href=\"mailto:auftrage@escafeeder.de\">\n\t    \t\t\t\t\t\t    <em class=\"tf_box\" style=\"background-color:#d4ae72;color:#ffffff\"><svg  class=\"tf_fa tf-fas-envelope\" aria-hidden=\"true\"><use href=\"#tf-fas-envelope\"><\/use><\/svg><\/em>\n\t\t\t\t\t\t    \t    \t    <span>auftrage@escafeeder.de <\/span>\n\t\t    \t\t\t\t\t\t<\/a>\n\t\t        <\/div>\n\t        <div class=\"module-icon-item\">\n\t    \t\t<a href=\"tel:+48575483188\">\n\t    \t\t\t\t\t\t    <em class=\"tf_box\" style=\"background-color:#d4ae72;color:#ffffff\"><svg  class=\"tf_fa tf-fas-phone-alt\" aria-hidden=\"true\"><use href=\"#tf-fas-phone-alt\"><\/use><\/svg><\/em>\n\t\t\t\t\t\t    \t    \t    <span>Verkaufsabteilung +48 575 483 188 <\/span>\n\t\t    \t\t\t\t\t\t<\/a>\n\t\t        <\/div>\n\t<\/div>\n<!-- \/module icon -->\n<!-- module icon -->\n<div  class=\"module module-icon tb_xd45314  normal circle icon_vertical  hide-desktop hide-tablet_landscape\" data-lazy=\"1\">\n        <div class=\"module-icon-item\">\n\t    \t\t<a href=\"mailto:kontakt@escafeeder.com\">\n\t    \t\t\t\t\t\t    <em class=\"tf_box\" style=\"background-color:#d4ae72;color:#ffffff\"><svg  class=\"tf_fa tf-fas-envelope\" aria-hidden=\"true\"><use href=\"#tf-fas-envelope\"><\/use><\/svg><\/em>\n\t\t\t\t\t\t    \t    \t    <span>kontakt@escafeeder.com<\/span>\n\t\t    \t\t\t\t\t\t<\/a>\n\t\t        <\/div>\n\t        <div class=\"module-icon-item\">\n\t    \t\t<a href=\"mailto:auftrage@escafeeder.de\">\n\t    \t\t\t\t\t\t    <em class=\"tf_box\" style=\"background-color:#d4ae72;color:#ffffff\"><svg  class=\"tf_fa tf-fas-envelope\" aria-hidden=\"true\"><use href=\"#tf-fas-envelope\"><\/use><\/svg><\/em>\n\t\t\t\t\t\t    \t    \t    <span>auftrage@escafeeder.de <\/span>\n\t\t    \t\t\t\t\t\t<\/a>\n\t\t        <\/div>\n\t        <div class=\"module-icon-item\">\n\t    \t\t<a href=\"tel:+48575483188\">\n\t    \t\t\t\t\t\t    <em class=\"tf_box\" style=\"background-color:#d4ae72;color:#ffffff\"><svg  class=\"tf_fa tf-fas-phone-alt\" aria-hidden=\"true\"><use href=\"#tf-fas-phone-alt\"><\/use><\/svg><\/em>\n\t\t\t\t\t\t    \t    \t    <span>Verkaufsabteilung +48 575 483 188 <\/span>\n\t\t    \t\t\t\t\t\t<\/a>\n\t\t        <\/div>\n\t<\/div>\n<!-- \/module icon -->\n                    <\/div>\n                            <\/div>\n            \t    <\/div>\n\t    <!-- \/row_inner -->\n\t<\/div>\n\t<!-- \/module_row -->\n\t\t\t\t<!-- module_row -->\n\t<div  data-lazy=\"1\" class=\"module_row themify_builder_row tb_geg077 tf_w tf_clearfix wow\" data-tf-animation=\"fadeIn\">\n\t    \t\t\t<div class=\"row_inner col_align_top tb_col_count_1 tf_box tf_rel\">\n\t\t            <div  data-lazy=\"1\" class=\"module_column tb-column col-full tb_vxj077 first\">\n                                                        <div class=\"tb-column-inner tf_box tf_w\">\n                        <!-- module text -->\n<div  class=\"module module-text tb_jibs737   \" data-lazy=\"1\">\n        <div  class=\"tb_text_wrap\">\n    <p>Wir laden Gro\u00dfh\u00e4ndler, Gesch\u00e4fte und Vertriebspartner ein, uns eine Anfrage zu schicken, woraufhin wir Ihnen eine Preisliste und einen Termin f\u00fcr die Abwicklung sowie ein Angebot f\u00fcr eine Zusammenarbeit zukommen lassen werden. Die Anfrage sollte von Ihrer Firmen-E-Mail-Adresse aus gesendet werden und die Steuernummer Ihres Unternehmens enthalten, damit der Auftragnehmer \u00fcberpr\u00fcft werden kann.<\/p>\n    <\/div>\n<\/div>\n<!-- \/module text --><!-- module buttons -->\n<div  class=\"module module-buttons tb_w4c2883 buttons-horizontal solid \" data-lazy=\"1\">\n    \t<div class=\"module-buttons-item tf_inline_b\">\n\t\t\t\t\t\t\t<a href=\"https:\/\/escafeeder.com\/wp-content\/uploads\/2026\/02\/escafeeder.com_.zip\" class=\"ui builder_button tb_default_color\" >\n\t\t\t\t\t\t\t\t\t\t\t<span class=\"tf_inline_b tf_vmiddle\">PRODUKTE F\u00dcR PARTNER ZUM HERUNTERLADEN<\/span>\n\t\t\t\t\t\t\t\t\t\t\t<\/a>\n\t\t\t    \t<\/div>\n    <\/div>\n<!-- \/module buttons -->\n                    <\/div>\n                            <\/div>\n            \t    <\/div>\n\t    <!-- \/row_inner -->\n\t<\/div>\n\t<!-- \/module_row -->\n\t\t\t\t<!-- module_row -->\n\t<div  data-lazy=\"1\" class=\"module_row themify_builder_row tb_1e9z837 tf_w tf_clearfix wow\" data-tf-animation=\"fadeIn\">\n\t    \t\t\t<div class=\"row_inner col_align_middle gutter-narrow tb_col_count_2 tf_box tf_rel\">\n\t\t            <div  data-lazy=\"1\" class=\"module_column tb-column col4-1 tb_vs7s411 first\">\n                                                        <div class=\"tb-column-inner tf_box tf_w\">\n                        <!-- module text -->\n<div  class=\"module module-text tb_txbp464   \" data-lazy=\"1\">\n    <h3 class=\"module-title\">Sitz<\/h3>    <div  class=\"tb_text_wrap\">\n    <div>Gothika Sp.z.o.o<\/div>\n<div>Porcelanowa 23<\/div>\n<div>40-246 KATOWICE<\/div>\n<div>NIP9542833994<\/div>\n<div>REGON 520634245<\/div>\n<div>tel <a href=\"tel:+48691855301\">+48 691855301<\/a><\/div>\n<div><a class=\"mailto-link\" href=\"mailto:biuro@gothika.pl\" target=\"_blank\" rel=\"noopener\">biuro@gothika.pl<\/a><\/div>\n    <\/div>\n<\/div>\n<!-- \/module text -->                    <\/div>\n                            <\/div>\n                        <div  data-lazy=\"1\" class=\"module_column tb-column col4-3 tb_7wl3838 last\">\n                                                        <div class=\"tb-column-inner tf_box tf_w\">\n                        <!-- module plain text -->\n<div  class=\"module module-plain-text tb_m5cp77  wow\" data-tf-animation=\"fadeIn\" data-lazy=\"1\">\n        <div class=\"tb_text_wrap\">\n\t<iframe src=\"https:\/\/www.google.com\/maps\/embed?pb=!1m18!1m12!1m3!1d2550.9790638348063!2d19.058382315485126!3d50.25497530931187!2m3!1f0!2f0!3f0!3m2!1i1024!2i768!4f13.1!3m3!1m2!1s0x4716cfc1050b4789%3A0x7bbed1a25764b85e!2sPorcelanowa%2023%2C%2040-246%20Katowice!5e0!3m2!1spl!2spl!4v1675082090820!5m2!1spl!2spl\" width=\"100%\" height=\"300\" style=\"border:0;\" allowfullscreen=\"\" loading=\"lazy\" referrerpolicy=\"no-referrer-when-downgrade\"><\/iframe>    <\/div>\n<\/div>\n<!-- \/module plain text -->                    <\/div>\n                            <\/div>\n            \t    <\/div>\n\t    <!-- \/row_inner -->\n\t<\/div>\n\t<!-- \/module_row -->\n\t<\/div>\n<!--\/themify_builder_content-->","protected":false},"excerpt":{"rendered":"<p>kontakt@escafeeder.com auftrage@escafeeder.de Verkaufsabteilung +48 575 483 188 kontakt@escafeeder.com auftrage@escafeeder.de Verkaufsabteilung +48 575 483 188 Wir laden Gro\u00dfh\u00e4ndler, Gesch\u00e4fte und Vertriebspartner ein, uns eine Anfrage zu schicken, woraufhin wir Ihnen eine Preisliste und einen Termin f\u00fcr die Abwicklung sowie ein Angebot f\u00fcr eine Zusammenarbeit zukommen lassen werden. Die Anfrage sollte von Ihrer Firmen-E-Mail-Adresse aus gesendet werden [&hellip;]<\/p>\n","protected":false},"author":2,"featured_media":0,"parent":0,"menu_order":0,"comment_status":"closed","ping_status":"closed","template":"","meta":{"footnotes":""},"class_list":["post-749","page","type-page","status-publish","hentry","has-post-title","has-post-date","has-post-category","has-post-tag","has-post-comment","has-post-author",""],"builder_content":"<a href=\"mailto:kontakt@escafeeder.com\"> <em style=\"background-color:#d4ae72;color:#ffffff\"><svg aria-hidden=\"true\"><use href=\"#tf-fas-envelope\"><\/use><\/svg><\/em> kontakt@escafeeder.com <\/a> <a href=\"mailto:auftrage@escafeeder.de\"> <em style=\"background-color:#d4ae72;color:#ffffff\"><svg aria-hidden=\"true\"><use href=\"#tf-fas-envelope\"><\/use><\/svg><\/em> auftrage@escafeeder.de <\/a> <a href=\"tel:+48575483188\"> <em style=\"background-color:#d4ae72;color:#ffffff\"><svg aria-hidden=\"true\"><use href=\"#tf-fas-phone-alt\"><\/use><\/svg><\/em> Verkaufsabteilung +48 575 483 188 <\/a>\n<a href=\"mailto:kontakt@escafeeder.com\"> <em style=\"background-color:#d4ae72;color:#ffffff\"><svg aria-hidden=\"true\"><use href=\"#tf-fas-envelope\"><\/use><\/svg><\/em> kontakt@escafeeder.com <\/a> <a href=\"mailto:auftrage@escafeeder.de\"> <em style=\"background-color:#d4ae72;color:#ffffff\"><svg aria-hidden=\"true\"><use href=\"#tf-fas-envelope\"><\/use><\/svg><\/em> auftrage@escafeeder.de <\/a> <a href=\"tel:+48575483188\"> <em style=\"background-color:#d4ae72;color:#ffffff\"><svg aria-hidden=\"true\"><use href=\"#tf-fas-phone-alt\"><\/use><\/svg><\/em> Verkaufsabteilung +48 575 483 188 <\/a>\n<p>Wir laden Gro\u00dfh\u00e4ndler, Gesch\u00e4fte und Vertriebspartner ein, uns eine Anfrage zu schicken, woraufhin wir Ihnen eine Preisliste und einen Termin f\u00fcr die Abwicklung sowie ein Angebot f\u00fcr eine Zusammenarbeit zukommen lassen werden. Die Anfrage sollte von Ihrer Firmen-E-Mail-Adresse aus gesendet werden und die Steuernummer Ihres Unternehmens enthalten, damit der Auftragnehmer \u00fcberpr\u00fcft werden kann.<\/p>\n<a href=\"https:\/\/escafeeder.com\/wp-content\/uploads\/2026\/02\/escafeeder.com_.zip\" > PRODUKTE F\u00dcR PARTNER ZUM HERUNTERLADEN <\/a>\n<h3>Sitz<\/h3> Gothika Sp.z.o.o Porcelanowa 23 40-246 KATOWICE NIP9542833994 REGON 520634245 tel <a href=\"tel:+48691855301\">+48 691855301<\/a> <a href=\"mailto:biuro@gothika.pl\" target=\"_blank\" rel=\"noopener\">biuro@gothika.pl<\/a>\n<iframe src=\"https:\/\/www.google.com\/maps\/embed?pb=!1m18!1m12!1m3!1d2550.9790638348063!2d19.058382315485126!3d50.25497530931187!2m3!1f0!2f0!3f0!3m2!1i1024!2i768!4f13.1!3m3!1m2!1s0x4716cfc1050b4789%3A0x7bbed1a25764b85e!2sPorcelanowa%2023%2C%2040-246%20Katowice!5e0!3m2!1spl!2spl!4v1675082090820!5m2!1spl!2spl\" width=\"100%\" height=\"300\" style=\"border:0;\" allowfullscreen=\"\" loading=\"lazy\" referrerpolicy=\"no-referrer-when-downgrade\"><\/iframe>","_links":{"self":[{"href":"https:\/\/escafeeder.com\/de\/wp-json\/wp\/v2\/pages\/749","targetHints":{"allow":["GET"]}}],"collection":[{"href":"https:\/\/escafeeder.com\/de\/wp-json\/wp\/v2\/pages"}],"about":[{"href":"https:\/\/escafeeder.com\/de\/wp-json\/wp\/v2\/types\/page"}],"author":[{"embeddable":true,"href":"https:\/\/escafeeder.com\/de\/wp-json\/wp\/v2\/users\/2"}],"replies":[{"embeddable":true,"href":"https:\/\/escafeeder.com\/de\/wp-json\/wp\/v2\/comments?post=749"}],"version-history":[{"count":36,"href":"https:\/\/escafeeder.com\/de\/wp-json\/wp\/v2\/pages\/749\/revisions"}],"predecessor-version":[{"id":1810,"href":"https:\/\/escafeeder.com\/de\/wp-json\/wp\/v2\/pages\/749\/revisions\/1810"}],"wp:attachment":[{"href":"https:\/\/escafeeder.com\/de\/wp-json\/wp\/v2\/media?parent=749"}],"curies":[{"name":"wp","href":"https:\/\/api.w.org\/{rel}","templated":true}]}}