{"id":973,"date":"2023-04-04T08:15:32","date_gmt":"2023-04-04T06:15:32","guid":{"rendered":"https:\/\/escafeeder.com\/?post_type=product&#038;p=973"},"modified":"2023-04-04T08:17:36","modified_gmt":"2023-04-04T06:17:36","slug":"krmitka-method-feeder-arc-50g","status":"publish","type":"product","link":"https:\/\/escafeeder.com\/cs\/produkt\/krmitka-method-feeder-arc-50g\/","title":{"rendered":"Krm\u00edtka Method Feeder ARC 50g"},"content":{"rendered":"<!--themify_builder_content-->\n<div id=\"themify_builder_content-973\" data-postid=\"973\" class=\"themify_builder_content themify_builder_content-973 themify_builder tf_clear\">\n    <\/div>\n<!--\/themify_builder_content-->\n","protected":false},"excerpt":{"rendered":"<p>Krm\u00edtka Method Feeder ARC \u2013 spolehliv\u00e1 a robustn\u00ed krm\u00edtka ur\u010den\u00e1 pro lov metodou feeder. Spolehliv\u00fd tvar a uspo\u0159\u00e1d\u00e1n\u00ed \u017eeber umo\u017e\u0148uje jist\u00fd p\u0159\u00edsun pelet nebo n\u00e1vnady do lovi\u0161t\u011b a z\u00e1rove\u0148 dokonalou prezentaci n\u00e1vnady. Krm\u00edtka se dod\u00e1vaj\u00ed ve t\u0159ech z\u00e1kladn\u00edch hmotnostech \u2013 30 g, 40 g a 50 g.<\/p>\n<p>Krm\u00edtko Method Feeder ARC 30g je d\u00edky sv\u00e9mu v\u0161estrann\u00e9mu pou\u017eit\u00ed nejuniverz\u00e1ln\u011bj\u0161\u00ed a funguje prakticky v ka\u017ed\u00e9 vod\u011b, dokonce i v bahnit\u00e9. P\u0159i lovu d\u00e1le od b\u0159ehu, v hlub\u0161\u00edch vod\u00e1ch nebo p\u0159i siln\u00e9m bo\u010dn\u00edm v\u011btru s\u00e1hneme po v\u011bt\u0161\u00edch z\u00e1t\u011b\u017e\u00edch. Tvar \u017eeber je vytvo\u0159en tak, aby se n\u00e1vnada z krm\u00edtka velmi snadno uvol\u0148ovala. P\u0159i pou\u017eit\u00ed krm\u00edtek v hlub\u0161\u00ed vod\u011b nebo na v\u011bt\u0161\u00ed vzd\u00e1lenost je t\u0159eba do pelet p\u0159idat trochu mlet\u00e9 n\u00e1vnady, aby sm\u011bs l\u00e9pe dr\u017eela pohromad\u011b.<\/p>\n<p>Forma krm\u00edtek Method Feeder ARC \u2013 Forma, kter\u00e1 d\u00edky sv\u00e9 frekvenci umo\u017e\u0148uje spr\u00e1vn\u00e9 stla\u010den\u00ed pelet nebo n\u00e1vnady, kter\u00e1 omezuje s\u00edlu stla\u010den\u00ed, i kdy\u017e se p\u0159i stla\u010den\u00ed pou\u017eije velk\u00e1 s\u00edla, nezp\u016fsob\u00ed to, \u017ee sm\u011bs nebude fungovat. Forma je vhodn\u00e1 pro v\u0161echna z\u00e1va\u017e\u00ed krm\u00edtek ARC. Je t\u0159eba m\u00edt na pam\u011bti, \u017ee pelety nebo n\u00e1vnada mus\u00ed b\u00fdt p\u0159ed vlo\u017een\u00edm do formy \u0159\u00e1dn\u011b p\u0159ipraveny.<\/p>\n","protected":false},"featured_media":960,"template":"","meta":[],"product_cat":[71],"product_tag":[],"class_list":["post-973","product","type-product","status-publish","has-post-thumbnail","hentry","product_cat-podavace","has-post-title","has-post-date","has-post-category","has-post-tag","has-post-comment","has-post-author",""],"builder_content":"","_links":{"self":[{"href":"https:\/\/escafeeder.com\/cs\/wp-json\/wp\/v3\/product\/973","targetHints":{"allow":["GET"]}}],"collection":[{"href":"https:\/\/escafeeder.com\/cs\/wp-json\/wp\/v3\/product"}],"about":[{"href":"https:\/\/escafeeder.com\/cs\/wp-json\/wp\/v2\/types\/product"}],"wp:featuredmedia":[{"embeddable":true,"href":"https:\/\/escafeeder.com\/cs\/wp-json\/wp\/v2\/media\/960"}],"wp:attachment":[{"href":"https:\/\/escafeeder.com\/cs\/wp-json\/wp\/v2\/media?parent=973"}],"wp:term":[{"taxonomy":"product_cat","embeddable":true,"href":"https:\/\/escafeeder.com\/cs\/wp-json\/wp\/v2\/product_cat?post=973"},{"taxonomy":"product_tag","embeddable":true,"href":"https:\/\/escafeeder.com\/cs\/wp-json\/wp\/v2\/product_tag?post=973"}],"curies":[{"name":"wp","href":"https:\/\/api.w.org\/{rel}","templated":true}]}}