{"id":722,"date":"2023-02-06T10:35:38","date_gmt":"2023-02-06T09:35:38","guid":{"rendered":"https:\/\/escafeeder.com\/produkt\/skunks\/"},"modified":"2023-05-04T09:49:51","modified_gmt":"2023-05-04T07:49:51","slug":"skunks","status":"publish","type":"product","link":"https:\/\/escafeeder.com\/cs\/produkt\/skunks\/","title":{"rendered":"Skunks"},"content":{"rendered":"<!--themify_builder_content-->\n<div id=\"themify_builder_content-722\" data-postid=\"722\" class=\"themify_builder_content themify_builder_content-722 themify_builder tf_clear\">\n    <\/div>\n<!--\/themify_builder_content-->\n","protected":false},"excerpt":{"rendered":"<p>N\u00e1straha do obt\u00ed\u017en\u00fdch sv\u011bteln\u00fdch podm\u00ednek, kdy je voda velmi kaln\u00e1 a ryby jsou nuceny intenzivn\u011b vyu\u017e\u00edvat sv\u016fj \u010dich. Takov\u00e9 chv\u00edle obvykle nast\u00e1vaj\u00ed uprost\u0159ed hork\u00e9ho l\u00e9ta, kdy doch\u00e1z\u00ed k intenzivn\u00edmu rozkv\u011btu \u0159as. Z\u00e1pach t\u00e9to n\u00e1vnady je pro lidsk\u00fd nos odpudiv\u00fd, ale ve vod\u011b m\u016f\u017ee se m\u016f\u017ee zm\u011bnit. Pro v\u00fd\u0161e uveden\u00e9 situace se vyplat\u00ed p\u0159esv\u011bd\u010dit se a m\u00edt Skunk v bra\u0161n\u011b. Ze zku\u0161enosti doporu\u010dujeme p\u0159i no\u010dn\u00edch sezen\u00edch pou\u017e\u00edvat b\u00edl\u00fd skunk.<\/p>\n<p><strong>Velikosti:<\/strong> 6 mm a 10 mm<br \/>\n<strong>Balen\u00ed:<\/strong> 50 ml<br \/>\n<strong>Aroma:<\/strong> odpudiv\u00e9, t\u011b\u017eko definovateln\u00e9<br \/>\n<strong>Barva:<\/strong> b\u00edl\u00e1 a r\u016f\u017eov\u00e1<br \/>\n<strong>Pou\u017eit\u00ed:<\/strong> v kaln\u00e9 vod\u011b a p\u0159i no\u010dn\u00edm rybolovu.<\/p>\n","protected":false},"featured_media":538,"template":"","meta":[],"product_cat":[60],"product_tag":[],"class_list":["post-722","product","type-product","status-publish","has-post-thumbnail","hentry","product_cat-wafters-cs-cs","has-post-title","has-post-date","has-post-category","has-post-tag","has-post-comment","has-post-author",""],"builder_content":"","_links":{"self":[{"href":"https:\/\/escafeeder.com\/cs\/wp-json\/wp\/v3\/product\/722","targetHints":{"allow":["GET"]}}],"collection":[{"href":"https:\/\/escafeeder.com\/cs\/wp-json\/wp\/v3\/product"}],"about":[{"href":"https:\/\/escafeeder.com\/cs\/wp-json\/wp\/v2\/types\/product"}],"wp:featuredmedia":[{"embeddable":true,"href":"https:\/\/escafeeder.com\/cs\/wp-json\/wp\/v2\/media\/538"}],"wp:attachment":[{"href":"https:\/\/escafeeder.com\/cs\/wp-json\/wp\/v2\/media?parent=722"}],"wp:term":[{"taxonomy":"product_cat","embeddable":true,"href":"https:\/\/escafeeder.com\/cs\/wp-json\/wp\/v2\/product_cat?post=722"},{"taxonomy":"product_tag","embeddable":true,"href":"https:\/\/escafeeder.com\/cs\/wp-json\/wp\/v2\/product_tag?post=722"}],"curies":[{"name":"wp","href":"https:\/\/api.w.org\/{rel}","templated":true}]}}