{"id":1827,"date":"2026-02-26T21:29:17","date_gmt":"2026-02-26T20:29:17","guid":{"rendered":"https:\/\/escafeeder.com\/?post_type=product&#038;p=1827"},"modified":"2026-02-26T21:34:30","modified_gmt":"2026-02-26T20:34:30","slug":"method-mix-top-white","status":"publish","type":"product","link":"https:\/\/escafeeder.com\/cs\/produkt\/method-mix-top-white\/","title":{"rendered":"Method Mix escafeeder TOP WHITE"},"content":{"rendered":"<!--themify_builder_content-->\n<div id=\"themify_builder_content-1827\" data-postid=\"1827\" class=\"themify_builder_content themify_builder_content-1827 themify_builder tf_clear\">\n    <\/div>\n<!--\/themify_builder_content-->\n","protected":false},"excerpt":{"rendered":"<div class=\"flex max-w-full flex-col grow\">\n<div class=\"min-h-8 text-message relative flex w-full flex-col items-end gap-2 text-start break-words whitespace-normal [.text-message+&amp;]:mt-1\" dir=\"auto\" data-message-author-role=\"assistant\" data-message-id=\"298b5499-0623-4008-8cb8-01bda96c82e3\" data-message-model-slug=\"gpt-5-2\">\n<div class=\"flex w-full flex-col gap-1 empty:hidden first:pt-[1px]\">\n<div class=\"markdown prose dark:prose-invert w-full wrap-break-word dark markdown-new-styling\">\n<p data-start=\"0\" data-end=\"120\"><strong data-start=\"0\" data-end=\"24\">Method Mix TOP WHITE<\/strong> je sm\u011bs, kter\u00e1 vznikla z velmi konkr\u00e9tn\u00ed pot\u0159eby \u2013 lovu divok\u00fdch kapr\u016f v extr\u00e9mn\u00edch podm\u00ednk\u00e1ch.<\/p>\n<p data-start=\"122\" data-end=\"494\">B\u011bhem Mistrovstv\u00ed sv\u011bta v Portugalsku bylo nutn\u00e9 \u010delit vod\u011b o hloubce p\u0159esahuj\u00edc\u00ed 20 metr\u016f, opatrn\u00fdm ryb\u00e1m a zp\u016fsobu lovu, ve kter\u00e9m nebyl prostor pro n\u00e1hodu. Pr\u00e1v\u011b tam bylo mo\u017en\u00e9 si v\u0161imnout, \u017ee v\u011bt\u0161ina \u0161pi\u010dkov\u00fdch z\u00e1vodn\u00edk\u016f sah\u00e1 po sv\u011btl\u00fdch, kuku\u0159i\u010dno-pe\u010divov\u00fdch krmn\u00fdch sm\u011bs\u00edch, kter\u00e9 efektivn\u011b buduj\u00ed krmn\u00e9 m\u00edsto a l\u00e1kaj\u00ed divok\u00e9 ryby i v hlubok\u00fdch a n\u00e1ro\u010dn\u00fdch rev\u00edrech.<\/p>\n<p data-start=\"496\" data-end=\"671\">Tato zku\u0161enost se stala impulsem k za\u0159azen\u00ed method mixu EscaFeeder do na\u0161\u00ed nab\u00eddky \u2013 lehk\u00e9, p\u0159\u00edrodn\u00ed a mimo\u0159\u00e1dn\u011b univerz\u00e1ln\u00ed sm\u011bsi zalo\u017een\u00e9 na kuku\u0159i\u010dn\u00fdch a pe\u010divov\u00fdch t\u00f3nech.<\/p>\n<p data-start=\"673\" data-end=\"765\">Jej\u00ed obrovskou v\u00fdhodou je mo\u017enost p\u0159izp\u016fsobit jej\u00ed pr\u00e1ci podm\u00ednk\u00e1m rev\u00edru pouh\u00fdm navlh\u010den\u00edm:<\/p>\n<ul data-start=\"767\" data-end=\"1099\">\n<li data-start=\"767\" data-end=\"934\">\n<p data-start=\"769\" data-end=\"934\">P\u0159i pom\u011bru <strong data-start=\"780\" data-end=\"810\">4 d\u00edly sm\u011bsi na 1 d\u00edl vody<\/strong> pracuje rychle, siln\u011b kal\u00ed a je ide\u00e1ln\u00ed tak\u00e9 jako vrchn\u00ed vrstva na krm\u00edtku, kde vytv\u00e1\u0159\u00ed atraktivn\u00ed stopu a kal p\u0159i propadu.<\/p>\n<\/li>\n<li data-start=\"935\" data-end=\"1099\">\n<p data-start=\"937\" data-end=\"1099\">P\u0159i pom\u011bru <strong data-start=\"948\" data-end=\"978\">3 d\u00edly sm\u011bsi na 1 d\u00edl vody<\/strong> se sm\u011bs st\u00e1v\u00e1 soudr\u017en\u011bj\u0161\u00ed, m\u00e9n\u011b kal\u00ed a perfektn\u011b funguje ve velk\u00fdch hloubk\u00e1ch, kde mus\u00ed dos\u00e1hnout dna v kompaktn\u00ed form\u011b.<\/p>\n<\/li>\n<\/ul>\n<p data-start=\"1101\" data-end=\"1239\" data-is-last-node=\"\" data-is-only-node=\"\"><strong data-start=\"1101\" data-end=\"1120\">B\u00edl\u00e1 krmn\u00e1 sm\u011bs<\/strong> je \u0159e\u0161en\u00ed vytvo\u0159en\u00e9 s ohledem na divok\u00e9, obt\u00ed\u017en\u00e9 a n\u00e1ro\u010dn\u00e9 vody \u2013 tam, kde je pot\u0159eba ryby p\u0159elst\u00edt, nejen je nakrmit.<\/p>\n<\/div>\n<\/div>\n<\/div>\n<\/div>\n<div class=\"z-0 flex min-h-[46px] justify-start\"><\/div>\n","protected":false},"featured_media":1831,"template":"","meta":[],"product_cat":[91],"product_tag":[],"class_list":["post-1827","product","type-product","status-publish","has-post-thumbnail","hentry","product_cat-method-mix-cs","has-post-title","has-post-date","has-post-category","has-post-tag","has-post-comment","has-post-author",""],"builder_content":"","_links":{"self":[{"href":"https:\/\/escafeeder.com\/cs\/wp-json\/wp\/v3\/product\/1827","targetHints":{"allow":["GET"]}}],"collection":[{"href":"https:\/\/escafeeder.com\/cs\/wp-json\/wp\/v3\/product"}],"about":[{"href":"https:\/\/escafeeder.com\/cs\/wp-json\/wp\/v2\/types\/product"}],"wp:featuredmedia":[{"embeddable":true,"href":"https:\/\/escafeeder.com\/cs\/wp-json\/wp\/v2\/media\/1831"}],"wp:attachment":[{"href":"https:\/\/escafeeder.com\/cs\/wp-json\/wp\/v2\/media?parent=1827"}],"wp:term":[{"taxonomy":"product_cat","embeddable":true,"href":"https:\/\/escafeeder.com\/cs\/wp-json\/wp\/v2\/product_cat?post=1827"},{"taxonomy":"product_tag","embeddable":true,"href":"https:\/\/escafeeder.com\/cs\/wp-json\/wp\/v2\/product_tag?post=1827"}],"curies":[{"name":"wp","href":"https:\/\/api.w.org\/{rel}","templated":true}]}}