{"id":1778,"date":"2026-02-19T10:45:08","date_gmt":"2026-02-19T09:45:08","guid":{"rendered":"https:\/\/escafeeder.com\/?post_type=product&#038;p=1778"},"modified":"2026-02-22T22:48:32","modified_gmt":"2026-02-22T21:48:32","slug":"goldzik","status":"publish","type":"product","link":"https:\/\/escafeeder.com\/cs\/produkt\/goldzik\/","title":{"rendered":"GOLDZIK"},"content":{"rendered":"<!--themify_builder_content-->\n<div id=\"themify_builder_content-1778\" data-postid=\"1778\" class=\"themify_builder_content themify_builder_content-1778 themify_builder tf_clear\">\n    <\/div>\n<!--\/themify_builder_content-->\n","protected":false},"excerpt":{"rendered":"<p data-start=\"0\" data-end=\"302\"><strong data-start=\"0\" data-end=\"17\">Spray GOLDZIK<\/strong> je \u0159e\u0161en\u00ed, kter\u00e9 se v arzen\u00e1lu z\u00e1vodn\u00edk\u016f neobjevilo n\u00e1hodou \u2013 nejprve na obt\u00ed\u017en\u00fdch, hlubok\u00fdch vod\u00e1ch v \u010cesk\u00e9 republice a pozd\u011bji znovu b\u011bhem Mistrovstv\u00ed sv\u011bta v Portugalsku 2025, kde v\u011bt\u0161ina p\u0159edn\u00edch t\u00fdm\u016f sahala pr\u00e1v\u011b po tomto typu dopl\u0148ku, aby \u00fa\u010dinn\u011b p\u0159il\u00e1kala ryby do lovn\u00e9ho m\u00edsta.<\/p>\n<p data-start=\"304\" data-end=\"579\">V podm\u00ednk\u00e1ch velk\u00fdch hloubek a opatrn\u00fdch, divok\u00fdch kapr\u016f rozhoduje ka\u017ed\u00fd detail. GOLDZIK p\u016fsob\u00ed okam\u017eit\u011b po pou\u017eit\u00ed \u2013 sta\u010d\u00ed jedno st\u0159\u00edknut\u00ed na napln\u011bn\u00e9 krm\u00edtko, aby vznikl intenzivn\u00ed, jasn\u011b zelen\u00fd oblak, kter\u00fd je ve vod\u011b velmi dob\u0159e viditeln\u00fd a dlouho se udr\u017e\u00ed kolem n\u00e1vnady.<\/p>\n<p data-start=\"581\" data-end=\"758\">Tato kombinace vizu\u00e1ln\u00edho efektu a siln\u00e9ho, sladk\u00e9ho aroma provokuje ryby k p\u0159ibl\u00ed\u017een\u00ed a setrv\u00e1n\u00ed v lovn\u00e9m m\u00edst\u011b, zejm\u00e9na tehdy, kdy\u017e standardn\u00ed krmen\u00ed nep\u0159in\u00e1\u0161\u00ed rychlou reakci.<\/p>\n<p data-start=\"760\" data-end=\"928\" data-is-last-node=\"\" data-is-only-node=\"\">Je to dopln\u011bk, po kter\u00e9m se vyplat\u00ed s\u00e1hnout v\u017edy, kdy\u017e pot\u0159ebujete siln\u011bj\u0161\u00ed podn\u011bt \u2013 p\u0159i z\u00e1vodech, na divok\u00fdch vod\u00e1ch i v situac\u00edch, kdy rozhoduje i ta nejmen\u0161\u00ed v\u00fdhoda.<\/p>\n","protected":false},"featured_media":1814,"template":"","meta":[],"product_cat":[],"product_tag":[],"class_list":["post-1778","product","type-product","status-publish","has-post-thumbnail","hentry","has-post-title","has-post-date","has-post-category","has-post-tag","has-post-comment","has-post-author",""],"builder_content":"","_links":{"self":[{"href":"https:\/\/escafeeder.com\/cs\/wp-json\/wp\/v3\/product\/1778","targetHints":{"allow":["GET"]}}],"collection":[{"href":"https:\/\/escafeeder.com\/cs\/wp-json\/wp\/v3\/product"}],"about":[{"href":"https:\/\/escafeeder.com\/cs\/wp-json\/wp\/v2\/types\/product"}],"wp:featuredmedia":[{"embeddable":true,"href":"https:\/\/escafeeder.com\/cs\/wp-json\/wp\/v2\/media\/1814"}],"wp:attachment":[{"href":"https:\/\/escafeeder.com\/cs\/wp-json\/wp\/v2\/media?parent=1778"}],"wp:term":[{"taxonomy":"product_cat","embeddable":true,"href":"https:\/\/escafeeder.com\/cs\/wp-json\/wp\/v2\/product_cat?post=1778"},{"taxonomy":"product_tag","embeddable":true,"href":"https:\/\/escafeeder.com\/cs\/wp-json\/wp\/v2\/product_tag?post=1778"}],"curies":[{"name":"wp","href":"https:\/\/api.w.org\/{rel}","templated":true}]}}