{"id":1740,"date":"2026-02-09T23:16:17","date_gmt":"2026-02-09T22:16:17","guid":{"rendered":"https:\/\/escafeeder.com\/?post_type=product&#038;p=1740"},"modified":"2026-02-19T10:45:43","modified_gmt":"2026-02-19T09:45:43","slug":"blady-mini","status":"publish","type":"product","link":"https:\/\/escafeeder.com\/cs\/produkt\/blady-mini\/","title":{"rendered":"BLADY mini"},"content":{"rendered":"<!--themify_builder_content-->\n<div id=\"themify_builder_content-1740\" data-postid=\"1740\" class=\"themify_builder_content themify_builder_content-1740 themify_builder tf_clear\">\n    <\/div>\n<!--\/themify_builder_content-->\n","protected":false},"excerpt":{"rendered":"<p data-start=\"0\" data-end=\"389\"><strong data-start=\"0\" data-end=\"17\">Waftery BLADY<\/strong> jsou n\u00e1strahy navr\u017een\u00e9 pro n\u00e1ro\u010dn\u011bj\u0161\u00ed podm\u00ednky method feederu \u2013 v situac\u00edch, kdy jsou ryby opatrn\u00e9, voda je \u010dist\u00e1 a tlak na rev\u00edru vysok\u00fd. M\u00edsto intenzivn\u00edch, v\u00fdrazn\u00fdch barev jsou zde pou\u017eity t\u0159i nej\u00fa\u010dinn\u011bj\u0161\u00ed barvy ve verzi BLADY (vybledl\u00e9, \u201evypran\u00e9\u201c): oran\u017eov\u00e1, r\u016f\u017eov\u00e1 a \u017elut\u00e1. Jemn\u00e1 prezentace velmi \u010dasto p\u0159in\u00e1\u0161\u00ed v\u00fdhodu tam, kde standardn\u00ed waftery p\u0159est\u00e1vaj\u00ed fungovat.<\/p>\n<p data-start=\"391\" data-end=\"528\">N\u00e1strahy maj\u00ed osv\u011bd\u010den\u00fd tvar a spr\u00e1vnou vztlakovost, d\u00edky \u010demu\u017e perfektn\u011b vyva\u017euj\u00ed mont\u00e1\u017e a zaji\u0161\u0165uj\u00ed p\u0159irozen\u00e9 ulo\u017een\u00ed n\u00e1strahy u h\u00e1\u010dku.<\/p>\n<p data-start=\"530\" data-end=\"689\">\u0158ada <strong data-start=\"535\" data-end=\"549\">BLADY Mini<\/strong> je doporu\u010dena Mistrem Polska v Method Feederu \u2013 <strong data-start=\"598\" data-end=\"620\">Marcinem Kubalakem<\/strong> a vznikla jako reakce na re\u00e1ln\u00e9 pot\u0159eby lovu v z\u00e1vodn\u00edch podm\u00ednk\u00e1ch.<\/p>\n<p data-start=\"691\" data-end=\"764\">Nejlep\u0161\u00ed prezentace wafter\u016f se dosahuje jejich nastra\u017een\u00edm na bait spike.<\/p>\n<p data-start=\"766\" data-end=\"983\" data-is-last-node=\"\" data-is-only-node=\"\"><strong data-start=\"766\" data-end=\"780\">Velikosti:<\/strong> 6 mm a 10 mm<br data-start=\"793\" data-end=\"796\" \/><strong data-start=\"796\" data-end=\"807\">Balen\u00ed:<\/strong> 50 ml<br data-start=\"813\" data-end=\"816\" \/><strong data-start=\"816\" data-end=\"826\" data-is-only-node=\"\">Aroma:<\/strong> autorsk\u00e9 aroma &#8211; makrela, hru\u0161ka<br data-start=\"841\" data-end=\"844\" \/><strong data-start=\"844\" data-end=\"854\">Barva:<\/strong> bled\u011b oran\u017eov\u00e1, bled\u011b r\u016f\u017eov\u00e1, bled\u011b \u017elut\u00e1<br data-start=\"896\" data-end=\"899\" \/><strong data-start=\"899\" data-end=\"911\">Pou\u017eit\u00ed:<\/strong> celoro\u010dn\u00ed n\u00e1strahy; obzvl\u00e1\u0161\u0165 \u00fa\u010dinn\u00e9 v \u010dist\u00e9 vod\u011b a p\u0159i jemn\u00fdch z\u00e1b\u011brech<\/p>\n","protected":false},"featured_media":1744,"template":"","meta":[],"product_cat":[60],"product_tag":[],"class_list":["post-1740","product","type-product","status-publish","has-post-thumbnail","hentry","product_cat-wafters-cs-cs","has-post-title","has-post-date","has-post-category","has-post-tag","has-post-comment","has-post-author",""],"builder_content":"","_links":{"self":[{"href":"https:\/\/escafeeder.com\/cs\/wp-json\/wp\/v3\/product\/1740","targetHints":{"allow":["GET"]}}],"collection":[{"href":"https:\/\/escafeeder.com\/cs\/wp-json\/wp\/v3\/product"}],"about":[{"href":"https:\/\/escafeeder.com\/cs\/wp-json\/wp\/v2\/types\/product"}],"wp:featuredmedia":[{"embeddable":true,"href":"https:\/\/escafeeder.com\/cs\/wp-json\/wp\/v2\/media\/1744"}],"wp:attachment":[{"href":"https:\/\/escafeeder.com\/cs\/wp-json\/wp\/v2\/media?parent=1740"}],"wp:term":[{"taxonomy":"product_cat","embeddable":true,"href":"https:\/\/escafeeder.com\/cs\/wp-json\/wp\/v2\/product_cat?post=1740"},{"taxonomy":"product_tag","embeddable":true,"href":"https:\/\/escafeeder.com\/cs\/wp-json\/wp\/v2\/product_tag?post=1740"}],"curies":[{"name":"wp","href":"https:\/\/api.w.org\/{rel}","templated":true}]}}