{"id":1521,"date":"2025-02-14T13:48:19","date_gmt":"2025-02-14T12:48:19","guid":{"rendered":"https:\/\/escafeeder.com\/?post_type=product&#038;p=1521"},"modified":"2025-06-09T21:42:03","modified_gmt":"2025-06-09T19:42:03","slug":"sweet-legend-bicolor","status":"publish","type":"product","link":"https:\/\/escafeeder.com\/cs\/produkt\/sweet-legend-bicolor\/","title":{"rendered":"Sweet Legend bicolor"},"content":{"rendered":"<!--themify_builder_content-->\n<div id=\"themify_builder_content-1521\" data-postid=\"1521\" class=\"themify_builder_content themify_builder_content-1521 themify_builder tf_clear\">\n    <\/div>\n<!--\/themify_builder_content-->\n","protected":false},"excerpt":{"rendered":"<p>Nov\u00e1 verze wafter\u016f, z\u00e1klad ka\u017ed\u00e9ho metodika s charakteristickou v\u016fn\u00ed \u017eel\u00e9 fazolek, dva druhy dvojbarevn\u00fdch, tj. \u017elutooran\u017eov\u00fd a \u017eluto-r\u016f\u017eov\u00fd, v jednom balen\u00ed. Velmi \u00fa\u010dinn\u00e9 prakticky v jak\u00e9mkoli ro\u010dn\u00edm obdob\u00ed a za jak\u00fdchkoli podm\u00ednek, jak potvrdil jejich p\u0159edch\u016fdce, nejlep\u0161\u00ed prezentace wafters dos\u00e1hnete jejich nasazen\u00edm na bajonet.<\/p>\n<p><strong>Velikosti:<\/strong> 6 mm a 10 mm<br \/>\n<strong>Balen\u00ed:<\/strong> 50 ml<br \/>\n<strong>Aroma:<\/strong> \u017eel\u00e9<br \/>\n<strong>Barva:<\/strong> v\u00edcebarevn\u00e1<\/p>\n","protected":false},"featured_media":1699,"template":"","meta":[],"product_cat":[60],"product_tag":[],"class_list":["post-1521","product","type-product","status-publish","has-post-thumbnail","hentry","product_cat-wafters-cs-cs","has-post-title","has-post-date","has-post-category","has-post-tag","has-post-comment","has-post-author",""],"builder_content":"","_links":{"self":[{"href":"https:\/\/escafeeder.com\/cs\/wp-json\/wp\/v3\/product\/1521","targetHints":{"allow":["GET"]}}],"collection":[{"href":"https:\/\/escafeeder.com\/cs\/wp-json\/wp\/v3\/product"}],"about":[{"href":"https:\/\/escafeeder.com\/cs\/wp-json\/wp\/v2\/types\/product"}],"wp:featuredmedia":[{"embeddable":true,"href":"https:\/\/escafeeder.com\/cs\/wp-json\/wp\/v2\/media\/1699"}],"wp:attachment":[{"href":"https:\/\/escafeeder.com\/cs\/wp-json\/wp\/v2\/media?parent=1521"}],"wp:term":[{"taxonomy":"product_cat","embeddable":true,"href":"https:\/\/escafeeder.com\/cs\/wp-json\/wp\/v2\/product_cat?post=1521"},{"taxonomy":"product_tag","embeddable":true,"href":"https:\/\/escafeeder.com\/cs\/wp-json\/wp\/v2\/product_tag?post=1521"}],"curies":[{"name":"wp","href":"https:\/\/api.w.org\/{rel}","templated":true}]}}