{"id":1331,"date":"2024-01-04T11:03:04","date_gmt":"2024-01-04T10:03:04","guid":{"rendered":"https:\/\/escafeeder.com\/produkt\/haczyki-seria-strong\/"},"modified":"2024-01-04T11:10:03","modified_gmt":"2024-01-04T10:10:03","slug":"haczyki-seria-strong","status":"publish","type":"product","link":"https:\/\/escafeeder.com\/cs\/produkt\/haczyki-seria-strong\/","title":{"rendered":"H\u00e1\u010dky \u0159ada \u2013 STRONG"},"content":{"rendered":"<!--themify_builder_content-->\n<div id=\"themify_builder_content-1331\" data-postid=\"1331\" class=\"themify_builder_content themify_builder_content-1331 themify_builder tf_clear\">\n    <\/div>\n<!--\/themify_builder_content-->\n","protected":false},"excerpt":{"rendered":"<p>Escafeeder Strong &#8211; H\u00e1\u010dky pro zvl\u00e1\u0161tn\u00ed \u00fakoly. Jsou vyrobeny z velmi siln\u00e9ho dr\u00e1tu a poskytuj\u00ed neuv\u011b\u0159itelnou s\u00edlu. H\u00e1k lze pou\u017e\u00edvat v obt\u00ed\u017en\u00fdch podm\u00ednk\u00e1ch (r\u00e1kos\u00ed, lekn\u00edny, p\u0159ek\u00e1\u017eky apod.), kde nelze ryb\u011b dovolit, aby se vzd\u00e1lila, a je tak\u00e9 velmi vhodn\u00fd pro lov na velk\u00e9 vzd\u00e1lenosti, kde je zapot\u0159eb\u00ed velmi siln\u00e9ho zaseknut\u00ed. Je ide\u00e1ln\u00ed pro metodu p\u0159i pou\u017eit\u00ed siln\u011bj\u0161\u00edho monofiln\u00edho n\u00e1vazce nebo pleten\u00e9 \u0161\u0148\u016fry. Vhodn\u00fd tvar zaru\u010duje jist\u00e9 zaseknut\u00ed a vyta\u017een\u00ed ryby.<\/p>\n","protected":false},"featured_media":1315,"template":"","meta":[],"product_cat":[84],"product_tag":[],"class_list":["post-1331","product","type-product","status-publish","has-post-thumbnail","hentry","product_cat-hacky","has-post-title","has-post-date","has-post-category","has-post-tag","has-post-comment","has-post-author",""],"builder_content":"","_links":{"self":[{"href":"https:\/\/escafeeder.com\/cs\/wp-json\/wp\/v3\/product\/1331","targetHints":{"allow":["GET"]}}],"collection":[{"href":"https:\/\/escafeeder.com\/cs\/wp-json\/wp\/v3\/product"}],"about":[{"href":"https:\/\/escafeeder.com\/cs\/wp-json\/wp\/v2\/types\/product"}],"wp:featuredmedia":[{"embeddable":true,"href":"https:\/\/escafeeder.com\/cs\/wp-json\/wp\/v2\/media\/1315"}],"wp:attachment":[{"href":"https:\/\/escafeeder.com\/cs\/wp-json\/wp\/v2\/media?parent=1331"}],"wp:term":[{"taxonomy":"product_cat","embeddable":true,"href":"https:\/\/escafeeder.com\/cs\/wp-json\/wp\/v2\/product_cat?post=1331"},{"taxonomy":"product_tag","embeddable":true,"href":"https:\/\/escafeeder.com\/cs\/wp-json\/wp\/v2\/product_tag?post=1331"}],"curies":[{"name":"wp","href":"https:\/\/api.w.org\/{rel}","templated":true}]}}